{"id":891,"date":"2021-03-22T10:10:05","date_gmt":"2021-03-22T10:10:05","guid":{"rendered":"http:\/\/www.brutoncapital.com\/?page_id=891"},"modified":"2021-04-06T18:45:21","modified_gmt":"2021-04-06T18:45:21","slug":"allgemeine-geschaeftsbedingungen","status":"publish","type":"page","link":"https:\/\/www.brutoncapital.com\/de\/allgemeine-geschaeftsbedingungen\/","title":{"rendered":"Nutzungsbedingungen"},"content":{"rendered":"<p>Die Website brutoncapital.com (\u201eWebsite\u201c) wird von Bruton Capital LLP (im Weiteren als \u201eBruton Capital\u201c, \u201ewir\u201c, \u201euns\u201c oder \u201eunser\u201c bezeichnet) betrieben, deren Gesch\u00e4ftssitz in 1st Floor Senator House, 85 Queen Victoria Street, London EC4V 4AB, Vereinigtes K\u00f6nigreich, ist und die im Handelsregister von England und Wales unter der Registernummer OC396008 eingetragen ist. Die Gesch\u00e4ftsr\u00e4ume von Bruton Capital in Deutschland befinden sich in der Moselstra\u00dfe 17, 60349 Frankfurt.<\/p>\n<p><strong>1 Anwendungsbereich<\/strong><br \/>\nJegliche Nutzung der Website unterliegt den folgenden Nutzungsbedingungen. Jeder Nutzer der Website, der mit den Nutzungsbedingungen nicht einverstanden ist, sollte die Nutzung der Website einstellen. Die Website bietet allgemeine Informationen \u00fcber unser Unternehmen und erm\u00f6glicht den Nutzern den Zugang zu Stellenangeboten in BrewDog Bars (gef\u00fchrt von unserer Gruppengesellschaft Bruton Hospitality GmbH) und Subway Restaurants (gef\u00fchrt von unserer Gruppengesellschaft Bruton Restaurants GmbH).<\/p>\n<p><strong>2 Stellenangebote<\/strong><br \/>\nDie Website erm\u00f6glicht es Ihnen, sich direkt auf Stellenangebote unserer Gruppenunternehmen Bruton Restaurants und Bruton Hospitality GmbH zu bewerben. Sobald Sie eine passende Stelle auf der Website gefunden haben, k\u00f6nnen Sie den \u201eJetzt Bewerben\u201c Button verwenden. Wenn Sie den Button anklicken, \u00f6ffnet sich Ihr E-Mail Browser und Sie k\u00f6nnen Ihre Bewerbung per E-Mail an das Unternehmen \u00fcbermitteln, welches das Stellenangebot aufgegeben hat.<\/p>\n<p><strong>3 Nutzungsrechte und Nutzungsbeschr\u00e4nkungen<\/strong><br \/>\nDie auf der Website verf\u00fcgbaren Inhalte sind urheberrechtlich gesch\u00fctzt. Die Nutzung dieser Inhalte unterliegt den geltenden Urheberrechtsgesetzen. Soweit nicht anders angegeben, d\u00fcrfen diese Inhalte ohne unsere vorherige schriftliche Zustimmung in keiner Form vervielf\u00e4ltigt, ver\u00e4ndert, angezeigt oder verbreitet werden.<br \/>\nDiese Website ist nur f\u00fcr Ihren eigenen pers\u00f6nlichen Gebrauch bestimmt. Es ist Ihnen gestattet, sich die auf der Website befindlichen Inhalte auf einem Computer- oder Smartphone-Bildschirm anzeigen zu lassen und eine Kopie f\u00fcr Ihren pers\u00f6nlichen Gebrauch unter strikter Beachtung der geltenden Urheberrechtsbestimmungen herunterzuladen und auszudrucken. Jede Art der kommerziellen Nutzung ist strengstens untersagt.<\/p>\n<p><strong>4 Datenschutz<\/strong><br \/>\nAlle personenbezogenen Daten, die Sie uns bei der Nutzung dieser Website oder im Rahmen der Bewerbung auf ein auf dieser Website ver\u00f6ffentlichtes Stellenangebot zur Verf\u00fcgung stellen, werden in \u00dcbereinstimmung mit unserer Datenschutzerkl\u00e4rung erhoben, gespeichert und verarbeitet. Informationen \u00fcber Cookies und deren Verwendung auf dieser Website finden Sie in unserer Datenschutzerkl\u00e4rung.<\/p>\n<p><strong>5 Hyperlinks und Webseiten von Dritten<\/strong><br \/>\nDie Website kann Hyperlinks oder Verweise auf andere Webseiten Dritter enthalten. Solche Hyperlinks oder Verweise werden nur zu Ihrer Information bereitgestellt. Wir haben keine Kontrolle \u00fcber die Webseiten Dritter und \u00fcbernehmen keine rechtliche Verantwortung f\u00fcr Inhalte, Materialien oder Informationen, die sich auf diesen Webseiten befinden. Die Anzeige von Hyperlinks und von Verweisen auf Webseiten Dritter bedeutet nicht, dass wir die Webseite, Produkte oder Dienstleistungen des Dritten billigen. Ihre Nutzung der Webseite eines Dritten unterliegt m\u00f6glicherweise den Nutzungsbedingungen der Webseite dieses Dritten.<\/p>\n<p><strong>6 Inhalt und Verf\u00fcgbarkeit der Webseite<\/strong><br \/>\nWir \u00fcbernehmen keine Gew\u00e4hr daf\u00fcr, dass der Inhalt der Website oder die Materialien, die Ihnen auf oder \u00fcber die Website zur Verf\u00fcgung gestellt werden, f\u00fcr Ihre Anforderungen geeignet sind, oder dass sie richtig, vollst\u00e4ndig oder aktuell sind.<br \/>\nDie Website wird kostenlos zur Verf\u00fcgung gestellt, und, obwohl wir versuchen, sicherzustellen, dass die Website richtig, aktuell und frei von Programmierfehlern oder Viren ist, k\u00f6nnen wir nicht versprechen, dass dies der Fall sein wird. Dar\u00fcber hinaus k\u00f6nnen wir nicht versprechen, dass die Website f\u00fcr irgendeinen Zweck einsetzbar oder geeignet sein wird. Jegliches Vertrauen, das Sie in die Informationen auf der Website setzen, geschieht auf Ihr eigenes Risiko. Sie sollten Ihre eigene Virenschutzsoftware verwenden.<br \/>\nWir k\u00f6nnen den Betrieb der Website jederzeit nach eigenem Ermessen aussetzen oder beenden.<br \/>\nObwohl wir versuchen, sicherzustellen, dass die Website f\u00fcr Ihre Nutzung zur Verf\u00fcgung steht, versprechen wir nicht, dass die Website jederzeit verf\u00fcgbar ist, noch versprechen wir die ununterbrochene Nutzung der Website durch Sie.<\/p>\n<p><strong>7 Haftungsbeschr\u00e4nkung<\/strong><br \/>\nF\u00fcr Sch\u00e4den, die von uns oder unseren jeweiligen Erf\u00fcllungsgehilfen verursacht wurden und die Ihnen in Verbindung mit der Nutzung der Website entstehen, gilt Folgendes: Die Haftung ist in F\u00e4llen von Vorsatz oder grober Fahrl\u00e4ssigkeit unbegrenzt. In F\u00e4llen leichter Fahrl\u00e4ssigkeit ist die Haftung f\u00fcr die Verletzung des Lebens, des K\u00f6rpers oder der Gesundheit ebenfalls unbeschr\u00e4nkt. Bei leicht fahrl\u00e4ssiger Verletzung wesentlicher Vertragspflichten ist die Haftung der H\u00f6he nach begrenzt auf den vorhersehbaren, typischen Schaden f\u00fcr Sach- und Verm\u00f6genssch\u00e4den, die auf diese Verletzung zur\u00fcckzuf\u00fchren sind. Wesentliche Vertragspflichten sind solche Pflichten, die das Wesen des Vertrags ausmachen, die f\u00fcr den Abschluss des Vertrags ma\u00dfgeblich waren und auf deren Erf\u00fcllung Sie vertrauen d\u00fcrfen. Jede weitergehende Haftung auf Schadensersatz ist ausgeschlossen, mit Ausnahme von Anspr\u00fcchen nach dem Produkthaftungsgesetz.<\/p>\n<p><strong>8 \u00c4nderungen der Nutzungsbedingungen<\/strong><br \/>\nWir k\u00f6nnen diese Nutzungsbedingungen jederzeit \u00e4ndern. Solche \u00c4nderungen treten ab dem Zeitpunkt der Ver\u00f6ffentlichung der ge\u00e4nderten Nutzungsbedingungen auf der Website in Kraft. Wenn Sie weiterhin auf die Website zugreifen oder diese nutzen, gilt dies als Ihre Zustimmung zu den ge\u00e4nderten Nutzungsbedingungen.<\/p>\n<p><strong>9 Schlussbestimmungen<\/strong><br \/>\nDiese Nutzungsbedingungen unterliegen dem Recht der Bundesrepublik Deutschland. Sollte eine Bestimmung dieser Nutzungsbedingungen unwirksam sein oder werden, so bleibt die Wirksamkeit der \u00fcbrigen Bestimmungen hiervon unber\u00fchrt.<\/p>\n","protected":false},"excerpt":{"rendered":"Die Website brutoncapital.com (\u201eWebsite\u201c) wird von Bruton Capital LLP (im Weiteren als \u201eBruton Capital\u201c, \u201ewir\u201c, \u201euns\u201c oder \u201eunser\u201c bezeichnet) betrieben, deren Gesch\u00e4ftssitz in 1st Floor Senator House, 85 Queen Victoria Street, London EC4V 4AB, Vereinigtes K\u00f6nigreich, ist und die im Handelsregister von England und Wales unter der Registernummer OC396008 eingetragen ist. Die Gesch\u00e4ftsr\u00e4ume von Bruton&#8230; <a class=\"view-article\" href=\"https:\/\/www.brutoncapital.com\/de\/allgemeine-geschaeftsbedingungen\/\">Artikel ansehen<\/a>","protected":false},"author":2,"featured_media":0,"parent":0,"menu_order":0,"comment_status":"closed","ping_status":"closed","template":"page-templates\/template-generic.php","meta":{"_acf_changed":false,"footnotes":""},"class_list":["post-891","page","type-page","status-publish","hentry"],"acf":[],"yoast_head":"<!-- This site is optimized with the Yoast SEO plugin v25.7 - https:\/\/yoast.com\/wordpress\/plugins\/seo\/ -->\n<title>Nutzungsbedingungen - Bruton Capital<\/title>\n<meta name=\"robots\" content=\"index, follow, max-snippet:-1, max-image-preview:large, max-video-preview:-1\" \/>\n<link rel=\"canonical\" href=\"https:\/\/www.brutoncapital.com\/de\/allgemeine-geschaeftsbedingungen\/\" \/>\n<meta property=\"og:locale\" content=\"de_DE\" \/>\n<meta property=\"og:type\" content=\"article\" \/>\n<meta property=\"og:title\" content=\"Nutzungsbedingungen - Bruton Capital\" \/>\n<meta property=\"og:description\" content=\"Die Website brutoncapital.com (\u201eWebsite\u201c) wird von Bruton Capital LLP (im Weiteren als \u201eBruton Capital\u201c, \u201ewir\u201c, \u201euns\u201c oder \u201eunser\u201c bezeichnet) betrieben, deren Gesch\u00e4ftssitz in 1st Floor Senator House, 85 Queen Victoria Street, London EC4V 4AB, Vereinigtes K\u00f6nigreich, ist und die im Handelsregister von England und Wales unter der Registernummer OC396008 eingetragen ist. Die Gesch\u00e4ftsr\u00e4ume von Bruton... Artikel ansehen\" \/>\n<meta property=\"og:url\" content=\"https:\/\/www.brutoncapital.com\/de\/allgemeine-geschaeftsbedingungen\/\" \/>\n<meta property=\"og:site_name\" content=\"Bruton Capital\" \/>\n<meta property=\"article:modified_time\" content=\"2021-04-06T18:45:21+00:00\" \/>\n<meta name=\"twitter:card\" content=\"summary_large_image\" \/>\n<meta name=\"twitter:label1\" content=\"Gesch\u00e4tzte Lesezeit\" \/>\n\t<meta name=\"twitter:data1\" content=\"4 Minuten\" \/>\n<script type=\"application\/ld+json\" class=\"yoast-schema-graph\">{\"@context\":\"https:\/\/schema.org\",\"@graph\":[{\"@type\":\"WebPage\",\"@id\":\"https:\/\/www.brutoncapital.com\/de\/allgemeine-geschaeftsbedingungen\/\",\"url\":\"https:\/\/www.brutoncapital.com\/de\/allgemeine-geschaeftsbedingungen\/\",\"name\":\"Nutzungsbedingungen - Bruton Capital\",\"isPartOf\":{\"@id\":\"https:\/\/www.brutoncapital.com\/#website\"},\"datePublished\":\"2021-03-22T10:10:05+00:00\",\"dateModified\":\"2021-04-06T18:45:21+00:00\",\"breadcrumb\":{\"@id\":\"https:\/\/www.brutoncapital.com\/de\/allgemeine-geschaeftsbedingungen\/#breadcrumb\"},\"inLanguage\":\"de-DE\",\"potentialAction\":[{\"@type\":\"ReadAction\",\"target\":[\"https:\/\/www.brutoncapital.com\/de\/allgemeine-geschaeftsbedingungen\/\"]}]},{\"@type\":\"BreadcrumbList\",\"@id\":\"https:\/\/www.brutoncapital.com\/de\/allgemeine-geschaeftsbedingungen\/#breadcrumb\",\"itemListElement\":[{\"@type\":\"ListItem\",\"position\":1,\"name\":\"Home\",\"item\":\"https:\/\/www.brutoncapital.com\/de\/\"},{\"@type\":\"ListItem\",\"position\":2,\"name\":\"Nutzungsbedingungen\"}]},{\"@type\":\"WebSite\",\"@id\":\"https:\/\/www.brutoncapital.com\/#website\",\"url\":\"https:\/\/www.brutoncapital.com\/\",\"name\":\"Bruton Capital\",\"description\":\"\",\"potentialAction\":[{\"@type\":\"SearchAction\",\"target\":{\"@type\":\"EntryPoint\",\"urlTemplate\":\"https:\/\/www.brutoncapital.com\/?s={search_term_string}\"},\"query-input\":{\"@type\":\"PropertyValueSpecification\",\"valueRequired\":true,\"valueName\":\"search_term_string\"}}],\"inLanguage\":\"de-DE\"}]}<\/script>\n<!-- \/ Yoast SEO plugin. -->","yoast_head_json":{"title":"Nutzungsbedingungen - Bruton Capital","robots":{"index":"index","follow":"follow","max-snippet":"max-snippet:-1","max-image-preview":"max-image-preview:large","max-video-preview":"max-video-preview:-1"},"canonical":"https:\/\/www.brutoncapital.com\/de\/allgemeine-geschaeftsbedingungen\/","og_locale":"de_DE","og_type":"article","og_title":"Nutzungsbedingungen - Bruton Capital","og_description":"Die Website brutoncapital.com (\u201eWebsite\u201c) wird von Bruton Capital LLP (im Weiteren als \u201eBruton Capital\u201c, \u201ewir\u201c, \u201euns\u201c oder \u201eunser\u201c bezeichnet) betrieben, deren Gesch\u00e4ftssitz in 1st Floor Senator House, 85 Queen Victoria Street, London EC4V 4AB, Vereinigtes K\u00f6nigreich, ist und die im Handelsregister von England und Wales unter der Registernummer OC396008 eingetragen ist. Die Gesch\u00e4ftsr\u00e4ume von Bruton... Artikel ansehen","og_url":"https:\/\/www.brutoncapital.com\/de\/allgemeine-geschaeftsbedingungen\/","og_site_name":"Bruton Capital","article_modified_time":"2021-04-06T18:45:21+00:00","twitter_card":"summary_large_image","twitter_misc":{"Gesch\u00e4tzte Lesezeit":"4 Minuten"},"schema":{"@context":"https:\/\/schema.org","@graph":[{"@type":"WebPage","@id":"https:\/\/www.brutoncapital.com\/de\/allgemeine-geschaeftsbedingungen\/","url":"https:\/\/www.brutoncapital.com\/de\/allgemeine-geschaeftsbedingungen\/","name":"Nutzungsbedingungen - Bruton Capital","isPartOf":{"@id":"https:\/\/www.brutoncapital.com\/#website"},"datePublished":"2021-03-22T10:10:05+00:00","dateModified":"2021-04-06T18:45:21+00:00","breadcrumb":{"@id":"https:\/\/www.brutoncapital.com\/de\/allgemeine-geschaeftsbedingungen\/#breadcrumb"},"inLanguage":"de-DE","potentialAction":[{"@type":"ReadAction","target":["https:\/\/www.brutoncapital.com\/de\/allgemeine-geschaeftsbedingungen\/"]}]},{"@type":"BreadcrumbList","@id":"https:\/\/www.brutoncapital.com\/de\/allgemeine-geschaeftsbedingungen\/#breadcrumb","itemListElement":[{"@type":"ListItem","position":1,"name":"Home","item":"https:\/\/www.brutoncapital.com\/de\/"},{"@type":"ListItem","position":2,"name":"Nutzungsbedingungen"}]},{"@type":"WebSite","@id":"https:\/\/www.brutoncapital.com\/#website","url":"https:\/\/www.brutoncapital.com\/","name":"Bruton Capital","description":"","potentialAction":[{"@type":"SearchAction","target":{"@type":"EntryPoint","urlTemplate":"https:\/\/www.brutoncapital.com\/?s={search_term_string}"},"query-input":{"@type":"PropertyValueSpecification","valueRequired":true,"valueName":"search_term_string"}}],"inLanguage":"de-DE"}]}},"_links":{"self":[{"href":"https:\/\/www.brutoncapital.com\/de\/wp-json\/wp\/v2\/pages\/891","targetHints":{"allow":["GET"]}}],"collection":[{"href":"https:\/\/www.brutoncapital.com\/de\/wp-json\/wp\/v2\/pages"}],"about":[{"href":"https:\/\/www.brutoncapital.com\/de\/wp-json\/wp\/v2\/types\/page"}],"author":[{"embeddable":true,"href":"https:\/\/www.brutoncapital.com\/de\/wp-json\/wp\/v2\/users\/2"}],"replies":[{"embeddable":true,"href":"https:\/\/www.brutoncapital.com\/de\/wp-json\/wp\/v2\/comments?post=891"}],"version-history":[{"count":0,"href":"https:\/\/www.brutoncapital.com\/de\/wp-json\/wp\/v2\/pages\/891\/revisions"}],"wp:attachment":[{"href":"https:\/\/www.brutoncapital.com\/de\/wp-json\/wp\/v2\/media?parent=891"}],"curies":[{"name":"wp","href":"https:\/\/api.w.org\/{rel}","templated":true}]}}